{"id":5737,"date":"2022-05-05T16:21:37","date_gmt":"2022-05-05T16:21:37","guid":{"rendered":"https:\/\/www.omarphone.tn\/?post_type=product&#038;p=5737"},"modified":"2022-05-05T16:33:57","modified_gmt":"2022-05-05T16:33:57","slug":"xiaomi-redmi-10c-6-71-4go-128go-bleu-garantie-1-an","status":"publish","type":"product","link":"https:\/\/www.omarphone.tn\/fr\/produit\/xiaomi-redmi-10c-6-71-4go-128go-bleu-garantie-1-an\/","title":{"rendered":"XIAOMI Redmi 10C &#8211; 6.71&#8243;- 4Go &#8211; 128Go &#8211; bleu &#8211; Garantie 1 an"},"content":{"rendered":"<p>Le Nouveau Xiaomi Redmi 10C Est Disponible En Tunisie Au Meilleur Prix<\/p>\n<p>Xiaomi Tunisie peut fournir le prix de lancement du Xiaomi Redmi 10C, qui est de 679.000 (Dinar tunisien) . Le Xiaomi Redmi 10C a \u00e9t\u00e9 trouv\u00e9 en Tunisie.<\/p>\n<p>\u00c9quip\u00e9 d&#8217;un rare grand \u00e9cran de 6,71 pouces au m\u00eame prix, le monde bouleversant du cin\u00e9ma vous attend. Redmi 10C prend \u00e9galement en charge Netflix HD et Prime Video HD pour une bonne exp\u00e9rience de streaming. De plus, l&#8217;\u00e9cran est prot\u00e9g\u00e9 par Corning\u00ae Gorilla\u00ae Glass qui r\u00e9siste aux dommages caus\u00e9s par les chutes et les rayures.<\/p>\n<p><b>\u00a0<\/b><\/p>\n<p>Le Xiaomi Redmi 10C Arrive En Tunisie Avec Un Processeur \u00c9co\u00e9nerg\u00e9tique Snapdragon\u00ae 680 6 Nm<\/p>\n<p>Redmi 10C est aliment\u00e9 par l&#8217;incroyable processeur octa-core Snapdragon\u00ae 680 qui est \u00e9galement construit sur le processus phare de 6 nm. Cela le rend capable de grandes performances tout en \u00e9tant tr\u00e8s \u00e9conome en \u00e9nergie, prolongeant la dur\u00e9e de vie de la batterie du Redmi 10C. Commandez le nouveau smartphone Xiaomi Redmi 10C\u00a0chez\u00a0<a href=\"https:\/\/www.tryandbuy.tn\/\" target=\"_blank\" rel=\"noopener\">Tryandbuy\u00a0<\/a>au meilleur prix.<\/p>\n<p>&nbsp;<\/p>\n<p>Appareil Photo Ultra-Clair 50MP Capturez Un Contenu Incroyable Avec Des D\u00e9tails Stellaires<\/p>\n<p>Le Redmi 10C offre une photographie de qualit\u00e9 professionnelle dans un format int\u00e9ressant. Tirez le meilleur parti de vos souvenirs avec l&#8217;appareil photo haute r\u00e9solution de 50 m\u00e9gapixels, parfait pour capturer ces moments inoubliables.<\/p>\n<p>&nbsp;<\/p>\n<p>Prend En Charge La Charge Rapide De 18 W<\/p>\n<p>Le Redmi 10C vous offre une \u00e9norme batterie de 5000 mAh (typ) qui dure plus de deux jours*, vous permettant de rester compl\u00e8tement charg\u00e9 lors de vos d\u00e9placements. Rechargez instantan\u00e9ment la batterie massive de votre Redmi 10C avec une charge rapide jusqu&#8217;\u00e0 18 W*. le Xiaomi Redmi 10C\u00a0sera commercialis\u00e9 en Tunisie prochainement avec le meilleur prix<\/p>","protected":false},"excerpt":{"rendered":"<ul>\n<li>Ecran\u00a0:\u00a06,71 pouces HD+<\/li>\n<li>R\u00e9solution:\u00a0720 x 1600 (HD+)<\/li>\n<li>Processeur: Snap-dragon 680<\/li>\n<li>M\u00e9moire RAM:\u00a04 Go<\/li>\n<li>Stockage: 128 Go,\u00a0 Micro-SD jusqu&#8217;\u00e0 1 To<\/li>\n<li>Appareil photo Arri\u00e8re: 50.0 MP + 2.0 MP<\/li>\n<li>Appareil Photo Frontale\u00a0:\u00a05.0\u00a0MP<\/li>\n<li>Avec Wifi\u00a0\u00a0et Bluetooth,\u00a0Double Sim<\/li>\n<li>Capteur d&#8217;empreintes digitales<\/li>\n<li>Autonomie Batterie:\u00a0Li-Po 5000 mAh<\/li>\n<li>Garantie: 1 an<\/li>\n<\/ul>","protected":false},"featured_media":5738,"template":"","meta":[],"product_cat":[143,142],"product_tag":[],"class_list":["post-5737","product","type-product","status-publish","has-post-thumbnail","hentry","product_cat-smartphone","product_cat-telephonie","product_brand-xiaomi-redmi","col-xs-6 col-sm-4","col-md-3 col-lg-3","un-4-cols"],"_links":{"self":[{"href":"https:\/\/www.omarphone.tn\/fr\/wp-json\/wp\/v2\/product\/5737","targetHints":{"allow":["GET"]}}],"collection":[{"href":"https:\/\/www.omarphone.tn\/fr\/wp-json\/wp\/v2\/product"}],"about":[{"href":"https:\/\/www.omarphone.tn\/fr\/wp-json\/wp\/v2\/types\/product"}],"wp:featuredmedia":[{"embeddable":true,"href":"https:\/\/www.omarphone.tn\/fr\/wp-json\/wp\/v2\/media\/5738"}],"wp:attachment":[{"href":"https:\/\/www.omarphone.tn\/fr\/wp-json\/wp\/v2\/media?parent=5737"}],"wp:term":[{"taxonomy":"product_cat","embeddable":true,"href":"https:\/\/www.omarphone.tn\/fr\/wp-json\/wp\/v2\/product_cat?post=5737"},{"taxonomy":"product_tag","embeddable":true,"href":"https:\/\/www.omarphone.tn\/fr\/wp-json\/wp\/v2\/product_tag?post=5737"}],"curies":[{"name":"wp","href":"https:\/\/api.w.org\/{rel}","templated":true}]}}