{"id":5720,"date":"2022-05-05T13:08:02","date_gmt":"2022-05-05T13:08:02","guid":{"rendered":"https:\/\/www.omarphone.tn\/?post_type=product&#038;p=5720"},"modified":"2022-05-05T13:08:02","modified_gmt":"2022-05-05T13:08:02","slug":"oppo-reno-5-4g-6-43-8go-128go-fantasy-silver-garantie-1-an","status":"publish","type":"product","link":"https:\/\/www.omarphone.tn\/fr\/produit\/oppo-reno-5-4g-6-43-8go-128go-fantasy-silver-garantie-1-an\/","title":{"rendered":"OPPO &#8211; Reno 5- 4G &#8211; 6.43&#8243; &#8211; 8Go &#8211; 128Go &#8211; Fantasy Silver &#8211; Garantie 1 an"},"content":{"rendered":"<p><b>Le smartphone OPPO Reno 5 4G<\/b> fonctionne sur le syst\u00e8me d&#8217;exploitation Android v11. Le t\u00e9l\u00e9phone est aliment\u00e9 par un processeur Octa Core . Il fonctionne sur le chipset Qualcomm Snap-dragon 720G. Il dispose de 8 Go, 8 Go de RAM et 128 Go de stockage interne.<br \/>\nLe smartphone\u00a0<b>OPPO Reno 5 4G<\/b> dispose d&#8217;un \u00e9cran AMOLED. L&#8217;\u00e9cran a une r\u00e9solution de 1080 x 2400 pixels et une densit\u00e9 de pixels de 411 ppp. Il a un rapport hauteur \/ largeur de 20: 9 et un rapport \u00e9cran \/ corps de 84,8%. Sur le devant de la cam\u00e9ra, les acheteurs obtiennent une cam\u00e9ra principale 64 MP f \/ 1.7, grand angle (champ de vision de 79 \u00b0), 8 MP f \/ 2.2, grand angle, cam\u00e9ra ultra grand angle, 2 MP f \/ 2.4, macro Appareil photo, appareil photo mono 2 MP f \/ 2.4 et \u00e0 l&#8217;arri\u00e8re, il y a un appareil photo 64 MP + 8 MP + 2 MP + 2 MP avec des fonctionnalit\u00e9s telles que le zoom num\u00e9rique, le flash automatique, la d\u00e9tection de visage, la mise au point tactile. Il est soutenu par une batterie de 4310 mAh. Les fonctionnalit\u00e9s de connectivit\u00e9 du smartphone incluent Wifi , Bluetooth, GPS, Volte, etc.<br \/>\n<b><br \/>\n<\/b><b>PRIX OPPO RENO 5 4G<\/b> EN TUNISIE Le prix du smartphone\u00a0 OPPO Reno 5 4G en TUNISIE est officiellement de 1199 TND. OPPO Reno 5 4G est lanc\u00e9 en Tunisie le 3 mars 2021. En ce qui concerne les options de couleur, le smartphone OPPO Reno 5 4G peut \u00eatre disponible en noir et argent.<br \/>\nLe smartphone est int\u00e9gr\u00e9 \u00e0 un grand \u00e9cran tactile capacitif AMOLED de 6,43 pouces tandis que la densit\u00e9 de l&#8217;\u00e9cran est de 409 PPI. L&#8217;\u00e9cran est prot\u00e9g\u00e9 par Corning Gorilla Glass 3.<br \/>\nLe smartphone prend en charge la double SIM (Nano-SIM, double veille) et fonctionne sur le syst\u00e8me d&#8217;exploitation Android 11 + ColorOS 11.1. La r\u00e9solution de l&#8217;\u00e9cran est de 1080 x 2400 pixels et il est aliment\u00e9 par une batterie Li-Po 4310 mAh non amovible + Charge rapide 50W + Charge invers\u00e9e + Super VOOC.<br \/>\nLe smartphone dispose d&#8217;une cam\u00e9ra quadruple \u00e0 l&#8217;arri\u00e8re 64 MP (large) + 8 MP (ultra-large) + 2 MP (macro) + 2 MP (profondeur). \u00c0 l&#8217;avant, il y a une seule cam\u00e9ra de 44 MP (large). Le t\u00e9l\u00e9phone est livr\u00e9 avec 8 Go de RAM et 128 Go de stockage interne.<br \/>\n<b>L&#8217;Oppo Reno5 4G<\/b> comprend des capteurs tels que l&#8217;empreinte digitale (sous l&#8217;\u00e9cran, optique), l&#8217;acc\u00e9l\u00e9rom\u00e8tre, le gyroscope, la proximit\u00e9 et la boussole. Il est disponible en deux couleurs: noir et argent. Il est aliment\u00e9 par le processeur Qualcomm SM7125 Snap-dragon 720G Octa-Core.<\/p>","protected":false},"excerpt":{"rendered":"<article class=\"col8 -pvs\">\n<div class=\"card-b -fh\">\n<div class=\"markup -pam\">\n<ul>\n<li>OPPO Reno 5 4G<\/li>\n<li>Processeur Qualcomm SM7125 Snap-dragon 720G Octa-Core.<\/li>\n<li>Capteurs: l&#8217;empreinte digitale (sous l&#8217;\u00e9cran, optique), l&#8217;acc\u00e9l\u00e9rom\u00e8tre, le gyroscope, la proximit\u00e9 et la boussole.<\/li>\n<li>Cam\u00e9ra quadruple \u00e0 l&#8217;arri\u00e8re 64 MP (large) + 8 MP (ultra-large) + 2 MP (macro) + 2 MP (profondeur)<\/li>\n<li>\u00c0 l&#8217;avant, il y a une seule cam\u00e9ra de 44 MP (large)<\/li>\n<li>8 Go de RAM<\/li>\n<li>128 Go de stockage interne.<\/li>\n<li>Double SIM (Nano-SIM, double veille)<\/li>\n<li>Syst\u00e8me d&#8217;exploitation Android 11 + ColorOS 11.1.<\/li>\n<li>La r\u00e9solution de l&#8217;\u00e9cran est de 1080 x 2400 pixels<\/li>\n<li>Batterie Li-Po 4310 mAh non amovible<\/li>\n<li>Charge invers\u00e9e<\/li>\n<li>SuperVOOC.<\/li>\n<li>Charge rapide 50W<\/li>\n<\/ul>\n<\/div>\n<\/div>\n<\/article>\n<article class=\"col8 -pvs\">\n<div class=\"card-b -fh\"><\/div>\n<\/article>","protected":false},"featured_media":5721,"template":"","meta":[],"product_cat":[143,142],"product_tag":[],"class_list":["post-5720","product","type-product","status-publish","has-post-thumbnail","hentry","product_cat-smartphone","product_cat-telephonie","product_brand-oppo","col-xs-6 col-sm-4","col-md-3 col-lg-3","un-4-cols"],"_links":{"self":[{"href":"https:\/\/www.omarphone.tn\/fr\/wp-json\/wp\/v2\/product\/5720","targetHints":{"allow":["GET"]}}],"collection":[{"href":"https:\/\/www.omarphone.tn\/fr\/wp-json\/wp\/v2\/product"}],"about":[{"href":"https:\/\/www.omarphone.tn\/fr\/wp-json\/wp\/v2\/types\/product"}],"wp:featuredmedia":[{"embeddable":true,"href":"https:\/\/www.omarphone.tn\/fr\/wp-json\/wp\/v2\/media\/5721"}],"wp:attachment":[{"href":"https:\/\/www.omarphone.tn\/fr\/wp-json\/wp\/v2\/media?parent=5720"}],"wp:term":[{"taxonomy":"product_cat","embeddable":true,"href":"https:\/\/www.omarphone.tn\/fr\/wp-json\/wp\/v2\/product_cat?post=5720"},{"taxonomy":"product_tag","embeddable":true,"href":"https:\/\/www.omarphone.tn\/fr\/wp-json\/wp\/v2\/product_tag?post=5720"}],"curies":[{"name":"wp","href":"https:\/\/api.w.org\/{rel}","templated":true}]}}