{"id":5698,"date":"2022-05-04T16:52:31","date_gmt":"2022-05-04T16:52:31","guid":{"rendered":"https:\/\/www.omarphone.tn\/?post_type=product&#038;p=5698"},"modified":"2022-05-04T16:52:31","modified_gmt":"2022-05-04T16:52:31","slug":"hoco-bs47-sport-wireless-speaker","status":"publish","type":"product","link":"https:\/\/www.omarphone.tn\/fr\/produit\/hoco-bs47-sport-wireless-speaker\/","title":{"rendered":"Hoco BS47 Sport Wireless Speaker"},"content":{"rendered":"<p>La technologie fonctionne avec une large gamme d\u2019appareils mobiles, y compris les smartphones Apple iPhone et Android. Les \u00e9couteurs sans fil de rue d\u00e9signent des \u00e9couteurs Bluetooth ou des IEM qui n\u2019ont ni cordons ni fils entre eux ni \u00e0 une source audio (smartphones, lecteurs MP3, tablette, etc.).<\/p>\n<p>Leur principe est simple : via la fonction Bluetooth de votre t\u00e9l\u00e9phone portable, vous synchroniser l\u2019audio de l\u2019appareil sur l\u2019<b>enceinte<\/b>.<\/p>\n<p>Rapprochez l\u2019<b>enceinte<\/b>\u00a0du routeur sans fil. Placez en position verticale l\u2019antenne Wi-Fi situ\u00e9e \u00e0 l\u2019arri\u00e8re. Rep\u00e9rez le SSID (le nom du r\u00e9seau sans fil) et la cl\u00e9 de cryptage (WEP ou WPA), requis pour configurer un r\u00e9seau Wi-Fi. La cl\u00e9 de cryptage limite l\u2019acc\u00e8s aux p\u00e9riph\u00e9riques du r\u00e9seau.<\/p>\n<p>Il faut auparavant proc\u00e9der \u00e0 l\u2019appariement, en d\u00e9tectant les p\u00e9riph\u00e9riques Bluetooth \u00e0 votre port\u00e9e.<\/p>\n<p>L\u2019\u00e9nergie m\u00e9canique comprime l\u2019air et convertit le mouvement en \u00e9nergie sonore ou en niveau de pression acoustique (NPA). Le son se d\u00e9place dans des ondes de pression. Plus la pression de l\u2019air change rapidement, plus la bobine mobile bouge rapidement, plus la \u201cfr\u00e9quence\u201d du son que nous entendons est \u00e9lev\u00e9e.<\/p>\n<p>1: sc\u00e9narios applicables, voiture, ordinateur de bureau, sports de fitness, ext\u00e9rieur, maison, portable mobile, chanson K, diffusion en direct, danse carr\u00e9e, syst\u00e8me de diffusion<\/p>\n<p>2 : fonction, insertion de carte, \u00e9tanche, radio, r\u00e9sistance aux chutes, invite vocale, fonction d&#8217;appel.<\/p>\n<p>3: haut-parleur Bluetooth sports de plein air portable mini mini carte petit haut-parleur<\/p>","protected":false},"excerpt":{"rendered":"<p>1: sc\u00e9narios applicables, voiture, ordinateur de bureau, sports de fitness, ext\u00e9rieur, maison, portable mobile, chanson K, diffusion en direct, danse carr\u00e9e, syst\u00e8me de diffusion<\/p>\n<p>2 : fonction, insertion de carte, \u00e9tanche, radio, r\u00e9sistance aux chutes, invite vocale, fonction d&#8217;appel.<\/p>\n<p>3: haut-parleur Bluetooth sports de plein air portable mini mini carte petit haut-parleur<\/p>\n<ul>\n<li>Tailles : 200*88*81mm. Poids : 540g.<\/li>\n<li>BT V5.0, puce<\/li>\n<li>Capacit\u00e9 de la batterie : 1500 mAh. Charge pendant environ 2 heures.<\/li>\n<li>Temps d\u2019appels\/musique : 3 heures.<\/li>\n<li>Haut-parleur : 52 mm*2. Puissance : 5W*2.<\/li>\n<li>Prend en charge BT, FM, carte TF, cl\u00e9 USB, et autres modes de lecture<\/li>\n<\/ul>","protected":false},"featured_media":5707,"template":"","meta":[],"product_cat":[146,191],"product_tag":[],"class_list":["post-5698","product","type-product","status-publish","has-post-thumbnail","hentry","product_cat-gadget","product_cat-speaker","col-xs-6 col-sm-4","col-md-3 col-lg-3","un-4-cols"],"_links":{"self":[{"href":"https:\/\/www.omarphone.tn\/fr\/wp-json\/wp\/v2\/product\/5698","targetHints":{"allow":["GET"]}}],"collection":[{"href":"https:\/\/www.omarphone.tn\/fr\/wp-json\/wp\/v2\/product"}],"about":[{"href":"https:\/\/www.omarphone.tn\/fr\/wp-json\/wp\/v2\/types\/product"}],"wp:featuredmedia":[{"embeddable":true,"href":"https:\/\/www.omarphone.tn\/fr\/wp-json\/wp\/v2\/media\/5707"}],"wp:attachment":[{"href":"https:\/\/www.omarphone.tn\/fr\/wp-json\/wp\/v2\/media?parent=5698"}],"wp:term":[{"taxonomy":"product_cat","embeddable":true,"href":"https:\/\/www.omarphone.tn\/fr\/wp-json\/wp\/v2\/product_cat?post=5698"},{"taxonomy":"product_tag","embeddable":true,"href":"https:\/\/www.omarphone.tn\/fr\/wp-json\/wp\/v2\/product_tag?post=5698"}],"curies":[{"name":"wp","href":"https:\/\/api.w.org\/{rel}","templated":true}]}}