{"id":5685,"date":"2022-04-27T11:21:59","date_gmt":"2022-04-27T11:21:59","guid":{"rendered":"https:\/\/www.omarphone.tn\/?post_type=product&#038;p=5685"},"modified":"2022-04-27T11:21:59","modified_gmt":"2022-04-27T11:21:59","slug":"support-de-voiture-kaku-ksc-424c-pour-telephone-portable-360-magnetique","status":"publish","type":"product","link":"https:\/\/www.omarphone.tn\/fr\/produit\/support-de-voiture-kaku-ksc-424c-pour-telephone-portable-360-magnetique\/","title":{"rendered":"Support de Voiture KAKU KSC-424C pour t\u00e9l\u00e9phone portable 360\u00b0 &#8211; magn\u00e9tique"},"content":{"rendered":"<p>Le support magn\u00e9tique KAKU est un\u00a0<strong>petit support de voiture magn\u00e9tique<\/strong>\u00a0qui peut \u00eatre fix\u00e9 sur n&#8217;importe quelle surface plane de la voiture, compatible avec n&#8217;importe quel mod\u00e8le de t\u00e9l\u00e9phone.<br \/>\nFabriqu\u00e9 \u00e0 partir de mat\u00e9riaux de haute qualit\u00e9, l&#8217;accessoire est hautement r\u00e9glable (y compris une rotation \u00e0 360 degr\u00e9s). Le support peut \u00eatre facilement r\u00e9gl\u00e9 pour que notre t\u00e9l\u00e9phone soit parfaitement visible, et en m\u00eame temps n&#8217;obstrue pas notre champ de vision. De plus, il peut \u00eatre facilement actionn\u00e9 d&#8217;une seule main, de sorte qu&#8217;il n&#8217;affecte pas n\u00e9gativement la s\u00e9curit\u00e9 de conduite.<br \/>\nPour utiliser l&#8217;accessoire, vous devez coller une plaque sur l&#8217;\u00e9tui (ou l&#8217;\u00e9tui de t\u00e9l\u00e9phone).<br \/>\nLa superposition est \u00e9quip\u00e9e d&#8217;un ruban auto-adh\u00e9sif pour une installation facile<br \/>\nLe capuchon en m\u00e9tal inclus dans l&#8217;ensemble vous permettra d&#8217;utiliser la poign\u00e9e sans avoir besoin d&#8217;acheter des accessoires suppl\u00e9mentaires, par ex. un cas particulier. Collez-les simplement sur la coque du t\u00e9l\u00e9phone et le tour est jou\u00e9 !<br \/>\nL&#8217;accessoire peut se vanter de grandes possibilit\u00e9s de r\u00e9glage (y compris l&#8217;option de rotation compl\u00e8te &#8211; 360 degr\u00e9s), gr\u00e2ce auxquelles vous pouvez facilement les ajuster \u00e0 vos besoins.<br \/>\n\u00c9cran de t\u00e9l\u00e9phone parfaitement lisible sans g\u00eaner la visibilit\u00e9<br \/>\n<strong>4 aimants int\u00e9gr\u00e9s\u00a0<\/strong>assurent une prise en main forte et stable<br \/>\nLes appareils mobiles sont devenus une partie importante de nos vies.<br \/>\nEn utilisant diverses applications mobiles en voyage, nous devenons in\u00e9vitablement de plus en plus d\u00e9pendants d&#8217;elles. De ce fait, chercher un t\u00e9l\u00e9phone, le placer dans des endroits qui ne lui sont pas adapt\u00e9s, peut perturber notre capacit\u00e9 d&#8217;agir.<\/p>","protected":false},"excerpt":{"rendered":"<article class=\"col8 -pvs\">\n<div class=\"card-b -fh\">\n<div class=\"markup -pam\">\n<ul>\n<li>Nom de produit : Support magn\u00e9tique de voiture pour Smartphone<\/li>\n<li>Produit original<\/li>\n<li>Mat\u00e9riel :\u00a0<strong>En alliage d&#8217;aluminium<\/strong>\u00a0de haute qualit\u00e9<\/li>\n<li><strong>4 aimants int\u00e9gr\u00e9s\u00a0: A<\/strong>ssurent une prise en main forte et stable<\/li>\n<li>Montage et d\u00e9montage faciles<\/li>\n<li>Avec\u00a0<strong>Rotation \u00e0 360 degr\u00e9s<\/strong><\/li>\n<li>Compatible avec n&#8217;importe quel mod\u00e8le de t\u00e9l\u00e9phone<\/li>\n<\/ul>\n<\/div>\n<\/div>\n<\/article>\n<article class=\"col8 -pvs\">\n<div class=\"card-b -fh\"><\/div>\n<\/article>","protected":false},"featured_media":5687,"template":"","meta":[],"product_cat":[198],"product_tag":[],"class_list":["post-5685","product","type-product","status-publish","has-post-thumbnail","hentry","product_cat-support-voiture","col-xs-6 col-sm-4","col-md-3 col-lg-3","un-4-cols"],"_links":{"self":[{"href":"https:\/\/www.omarphone.tn\/fr\/wp-json\/wp\/v2\/product\/5685","targetHints":{"allow":["GET"]}}],"collection":[{"href":"https:\/\/www.omarphone.tn\/fr\/wp-json\/wp\/v2\/product"}],"about":[{"href":"https:\/\/www.omarphone.tn\/fr\/wp-json\/wp\/v2\/types\/product"}],"wp:featuredmedia":[{"embeddable":true,"href":"https:\/\/www.omarphone.tn\/fr\/wp-json\/wp\/v2\/media\/5687"}],"wp:attachment":[{"href":"https:\/\/www.omarphone.tn\/fr\/wp-json\/wp\/v2\/media?parent=5685"}],"wp:term":[{"taxonomy":"product_cat","embeddable":true,"href":"https:\/\/www.omarphone.tn\/fr\/wp-json\/wp\/v2\/product_cat?post=5685"},{"taxonomy":"product_tag","embeddable":true,"href":"https:\/\/www.omarphone.tn\/fr\/wp-json\/wp\/v2\/product_tag?post=5685"}],"curies":[{"name":"wp","href":"https:\/\/api.w.org\/{rel}","templated":true}]}}