{"id":5651,"date":"2022-04-21T14:30:42","date_gmt":"2022-04-21T14:30:42","guid":{"rendered":"https:\/\/www.omarphone.tn\/?post_type=product&#038;p=5651"},"modified":"2022-04-21T14:34:50","modified_gmt":"2022-04-21T14:34:50","slug":"support-pliable-de-bureau-avec-chargeur-rapide-sans-fil-10w-pour-smartphone-tablette","status":"publish","type":"product","link":"https:\/\/www.omarphone.tn\/fr\/produit\/support-pliable-de-bureau-avec-chargeur-rapide-sans-fil-10w-pour-smartphone-tablette\/","title":{"rendered":"Support Pliable de Bureau avec Chargeur rapide sans fil 10W pour Smartphone &amp; Tablette"},"content":{"rendered":"<div class=\"card aim -mtm\">\n<div class=\"markup -mhm -pvl -oxa -sc\">&#8211;<b>\u00a0Design Exquis\u00a0<\/b>: Ce support tablette dont la construction en alliage d&#8217;aluminium\u00a0pr\u00e9sente des gadgets de durabilit\u00e9. Utile pour garder les mains libres, regarder des films, des \u00e9missions t\u00e9l\u00e9vis\u00e9es ou faire des appels vid\u00e9o.-<b>\u00a0Stable et R\u00e9glable<\/b>\u00a0: Cette porte Smartphone et tablette en aluminium soutient de mani\u00e8re stable les tablettes ou les t\u00e9l\u00e9phones jusqu&#8217;\u00e0 1000 g. La hauteur et l&#8217;angle d&#8217;ouverture sont r\u00e9glables, pratique pour r\u00e9gler diff\u00e9rents angles de lecture. Il permet la charge avec la tablette ou le t\u00e9l\u00e9phone en position verticale.- Syst\u00e8me Antid\u00e9rapant : Les syst\u00e8mes antid\u00e9rapant sont tr\u00e8s efficaces. Les deux pattes et le corps sont garnis d&#8217;une silicone souple, sans risque de rayures sur le t\u00e9l\u00e9phone. Des coussinets antid\u00e9rapants en caoutchouc sont pr\u00e9sents sur la base et emp\u00eachent le support de glisser.-\u00a0<b>Facile \u00e0 Transporter\u00a0<\/b>: Ce support pour tablette t\u00e9l\u00e9phone est enti\u00e8rement pliable, une fois r\u00e9pondu il ne prend pas de place, facilement transportable dans le sac lorsque vous partez en week-end ou en voyage. Vous pouvez le mettre dans un sac \u00e0 dos ou un sac de sport, il est comme un ami qui peut vous accompagner tous les jours.- Large Compatibilit\u00e9 ; Cette porte tablette bureau\/ maison est id\u00e9ale pour les tablettes ou les t\u00e9l\u00e9phones\u00a0<b>&#8211; NB\u00a0<\/b>:\u00a0 Chargeur r\u00e9glable et rapide : le support de charge sans fil prend en charge la charge rapide, mais il doit \u00eatre utilis\u00e9 avec un adaptateur QC3.0 ou un adaptateur PD (non inclus). Ils peuvent fournir une charge de\u00a0<b>10 W.\u00a0<\/b><\/div>\n<\/div>\n<section class=\"card aim -mtm -fs16\">\n<div id=\"specifications\" class=\"hook\"><\/div>\n<header class=\"-pvs -bb\"><\/header>\n<\/section>","protected":false},"excerpt":{"rendered":"<p>Support pour Smartphone Kaku KSC-386<\/p>\n<article class=\"col8 -pvs\">\n<div class=\"card-b -fh\">\n<div class=\"markup -pam\">\n<ul>\n<li>Sortie\u00a0<b>10W<\/b>, 5V\/1.5A (MAX)<\/li>\n<li>Mat\u00e9riel : PVC + alliage d&#8217;aluminium<\/li>\n<li>Taux de conversion de charge sans fil : 86 % MAX<\/li>\n<li>Avec la\u00a0<b>certification Qi<\/b><\/li>\n<li>Avec un c\u00e2ble de type C, longueur : 1 m\u00e8tre<\/li>\n<li>Rangement pliable ; Peut \u00eatre pli\u00e9 vers le haut et vers le bas pour ajuster la hauteur et \u00eatre plus confortable<\/li>\n<li>Conception robuste, antid\u00e9rapante<\/li>\n<li><b>NB\u00a0<\/b>: le support de charge sans fil prend en charge la charge rapide, mais\u00a0<b>il doit \u00eatre utilis\u00e9 avec un adaptateur QC3.0 ou un adaptateur PD (non inclus). Ils peuvent fournir une charge de\u00a0<\/b><b>10 W.\u00a0<\/b><\/li>\n<\/ul>\n<\/div>\n<\/div>\n<\/article>\n<article class=\"col8 -pvs\">\n<div class=\"card-b -fh\"><\/div>\n<\/article>","protected":false},"featured_media":5652,"template":"","meta":[],"product_cat":[197],"product_tag":[],"class_list":["post-5651","product","type-product","status-publish","has-post-thumbnail","hentry","product_cat-accessoires","col-xs-6 col-sm-4","col-md-3 col-lg-3","un-4-cols"],"_links":{"self":[{"href":"https:\/\/www.omarphone.tn\/fr\/wp-json\/wp\/v2\/product\/5651","targetHints":{"allow":["GET"]}}],"collection":[{"href":"https:\/\/www.omarphone.tn\/fr\/wp-json\/wp\/v2\/product"}],"about":[{"href":"https:\/\/www.omarphone.tn\/fr\/wp-json\/wp\/v2\/types\/product"}],"wp:featuredmedia":[{"embeddable":true,"href":"https:\/\/www.omarphone.tn\/fr\/wp-json\/wp\/v2\/media\/5652"}],"wp:attachment":[{"href":"https:\/\/www.omarphone.tn\/fr\/wp-json\/wp\/v2\/media?parent=5651"}],"wp:term":[{"taxonomy":"product_cat","embeddable":true,"href":"https:\/\/www.omarphone.tn\/fr\/wp-json\/wp\/v2\/product_cat?post=5651"},{"taxonomy":"product_tag","embeddable":true,"href":"https:\/\/www.omarphone.tn\/fr\/wp-json\/wp\/v2\/product_tag?post=5651"}],"curies":[{"name":"wp","href":"https:\/\/api.w.org\/{rel}","templated":true}]}}