{"id":5577,"date":"2022-03-19T16:35:23","date_gmt":"2022-03-19T16:35:23","guid":{"rendered":"https:\/\/www.omarphone.tn\/?post_type=product&#038;p=5577"},"modified":"2022-03-19T16:37:12","modified_gmt":"2022-03-19T16:37:12","slug":"oppo-band-ob19b1-noir-garantie1an","status":"publish","type":"product","link":"https:\/\/www.omarphone.tn\/fr\/produit\/oppo-band-ob19b1-noir-garantie1an\/","title":{"rendered":"OPPO Band-OB19B1- Noir- Garantie1an"},"content":{"rendered":"<div class=\"card aim -mtm\">\n<div class=\"markup -mhm -pvl -oxa -sc\">\n<p>\u00a0\u00a0\u00c9cran AMOLED 1,1&#8243;: Grand, Lumineux et \u00c9l\u00e9gant L&#8217;intensit\u00e9 des couleurs, sa haute r\u00e9solution et ses grandes importantes font de cet \u00e9cran AMOLED un plaisir pour les yeux. Parce que nous savons que vous voudrez porter votre OPPO Band en toute occasion, nous avons prot\u00e9g\u00e9 son \u00e9cran avec une couche de verre 2.5D incurv\u00e9e et r\u00e9sistante aux rayures. Surveillance continue de la mesure de saturation en oxyg\u00e8ne SpO2:Constant Sleep Guard Le capteur SpO2 mesure les variations du taux d&#8217;oxyg\u00e8ne dans votre sang. La SpO2 peut \u00e9galement \u00eatre surveill\u00e9e pendant que vous dormez afin de recueillir des donn\u00e9es sur la dur\u00e9e et sur les cycles de votre sommeil. En dormant mieux, vous vous r\u00e9veillerez repos\u00e9 et pr\u00eat \u00e0 affronter une nouvelle journ\u00e9e. Suivi en temps r\u00e9el de la fr\u00e9quence cardiaque: \u00c9coutez battre votre c\u0153ur Si une anomalie est d\u00e9tect\u00e9e, le suivi en temps r\u00e9el de la fr\u00e9quence cardiaque 24 h\/24 vous la signalera en d\u00e9clenchant une vibration pour vous inviter \u00e0 la prudence. Que vous soyez au repos ou en plein entra\u00eenement, vous ne manquerez pas un seul battement.12 modes d&#8217;entra\u00eenement: Un journal d&#8217;exercice \u00e0 votre poignet Les 12 modes2 d&#8217;entra\u00eenement de l&#8217;OPPO Band Style vous permettent de planifier vos entra\u00eenements quotidiens. Un capteur d&#8217;acc\u00e9l\u00e9ration enregistre la dur\u00e9e de vos exercices, la distance parcourue ainsi que d&#8217;autres param\u00e8tres en temps r\u00e9el pour rendre vos entra\u00eenements plus int\u00e9ressants et plus efficaces.<\/p>\n<ul>\n<li><\/li>\n<\/ul>\n<p>&nbsp;<\/p>\n<\/div>\n<\/div>\n<section class=\"card aim -mtm -fs16\">\n<pre id=\"specifications\" class=\"hook\"><\/pre>\n<header class=\"-pvs -bb\"><\/header>\n<\/section>","protected":false},"excerpt":{"rendered":"<div id=\"product-description-short-5975\" class=\"product-description-short\">\n<div id=\"product-description-short-49563\" class=\"prodes\">\n<ul>\n<li>\u00c9cran\u00a0<strong>1.1&#8243;<\/strong>\u00a0Tactile\u00a0plein \u00e9cran<\/li>\n<li>Microprocesseur Apollo 3<\/li>\n<li>Bluetooth\u00a0<strong>5.0<\/strong><\/li>\n<li>Capacit\u00e9 Batterie\u00a0<strong>100 mAh<\/strong><\/li>\n<li>Autonomie pouvant aller\u00a0jusqu&#8217;\u00e0\u00a012 jours<\/li>\n<li>Capteur d&#8217;acc\u00e9l\u00e9ration 3 axes<\/li>\n<li>Capteur d&#8217;usure infrarouge<\/li>\n<li>Capteur\u00a0optique de fr\u00e9quence cardiaque<\/li>\n<li>Compatible\u00a0<strong>Android\u00a06<\/strong>\u00a0ou +\u00a0iOS 12.0 ou\u00a0+<\/li>\n<li>Bracelet en\u00a0TPU et fermoir en alliage d&#8217;aluminium<\/li>\n<\/ul>\n<\/div>\n<\/div>\n<div class=\"product-actions\">\n<div class=\"product-variants\">\n<article class=\"col8 -pvs\">\n<div class=\"card-b -fh\">\n<div class=\"markup -pam\">\n<ul>\n<li>Deux bracelets fournis<\/li>\n<li>Bel \u00e9cran OLED couleur<\/li>\n<li>Simplicit\u00e9 des r\u00e9glages<\/li>\n<li>SpO2 + respiration + \u00e9tanch\u00e9it\u00e9<\/li>\n<li>Garantie 1 an<\/li>\n<\/ul>\n<\/div>\n<\/div>\n<\/article>\n<article class=\"col8 -pvs\">\n<div class=\"card-b -fh\"><\/div>\n<\/article>\n<\/div>\n<section class=\"product-discounts\"><\/section>\n<div class=\"product-add-to-cart\">\n<div class=\"product-quantity clearfix\">\n<div class=\"qty\">\n<div class=\"input-group bootstrap-touchspin\"><\/div>\n<\/div>\n<\/div>\n<\/div>\n<\/div>","protected":false},"featured_media":5578,"template":"","meta":[],"product_cat":[146,150],"product_tag":[],"class_list":["post-5577","product","type-product","status-publish","has-post-thumbnail","hentry","product_cat-gadget","product_cat-smartwatch","col-xs-6 col-sm-4","col-md-3 col-lg-3","un-4-cols"],"_links":{"self":[{"href":"https:\/\/www.omarphone.tn\/fr\/wp-json\/wp\/v2\/product\/5577","targetHints":{"allow":["GET"]}}],"collection":[{"href":"https:\/\/www.omarphone.tn\/fr\/wp-json\/wp\/v2\/product"}],"about":[{"href":"https:\/\/www.omarphone.tn\/fr\/wp-json\/wp\/v2\/types\/product"}],"wp:featuredmedia":[{"embeddable":true,"href":"https:\/\/www.omarphone.tn\/fr\/wp-json\/wp\/v2\/media\/5578"}],"wp:attachment":[{"href":"https:\/\/www.omarphone.tn\/fr\/wp-json\/wp\/v2\/media?parent=5577"}],"wp:term":[{"taxonomy":"product_cat","embeddable":true,"href":"https:\/\/www.omarphone.tn\/fr\/wp-json\/wp\/v2\/product_cat?post=5577"},{"taxonomy":"product_tag","embeddable":true,"href":"https:\/\/www.omarphone.tn\/fr\/wp-json\/wp\/v2\/product_tag?post=5577"}],"curies":[{"name":"wp","href":"https:\/\/api.w.org\/{rel}","templated":true}]}}