{"id":5462,"date":"2021-09-19T01:30:44","date_gmt":"2021-09-19T01:30:44","guid":{"rendered":"https:\/\/www.omarphone.tn\/?post_type=product&#038;p=5462"},"modified":"2022-04-20T11:49:55","modified_gmt":"2022-04-20T11:49:55","slug":"manette-sony-ps5-dual-sense","status":"publish","type":"product","link":"https:\/\/www.omarphone.tn\/fr\/produit\/manette-sony-ps5-dual-sense\/","title":{"rendered":"MANETTE SONY PS5 DUAL SENSE"},"content":{"rendered":"<p>Manette Sony PS5 DUAL SENSE &#8211;\u00a0Avec la\u00a0manette <strong>sans fil\u00a0Sony\u00a0DualSense<\/strong>, vous \u00eates certain de vivre une exp\u00e9rience de jeu toujours plus immersive &#8211; Elle offre notamment un retour haptique immersif, des g\u00e2chettes adaptatives dynamiques et un\u00a0microphone int\u00e9gr\u00e9 &#8211; Couleur: Blanc<\/p>","protected":false},"excerpt":{"rendered":"<p>Manette Sony PS5 DUAL SENSE &#8211;\u00a0Avec la\u00a0manette <strong>sans fil\u00a0Sony\u00a0DualSense<\/strong>, vous \u00eates certain de vivre une exp\u00e9rience de jeu toujours plus immersive &#8211; Elle offre notamment un retour haptique immersif, des g\u00e2chettes adaptatives dynamiques et un\u00a0microphone int\u00e9gr\u00e9 &#8211; Couleur: Blanc<\/p>","protected":false},"featured_media":5463,"template":"","meta":[],"product_cat":[197],"product_tag":[],"class_list":["post-5462","product","type-product","status-publish","has-post-thumbnail","hentry","product_cat-accessoires","col-xs-6 col-sm-4","col-md-3 col-lg-3","un-4-cols"],"_links":{"self":[{"href":"https:\/\/www.omarphone.tn\/fr\/wp-json\/wp\/v2\/product\/5462","targetHints":{"allow":["GET"]}}],"collection":[{"href":"https:\/\/www.omarphone.tn\/fr\/wp-json\/wp\/v2\/product"}],"about":[{"href":"https:\/\/www.omarphone.tn\/fr\/wp-json\/wp\/v2\/types\/product"}],"wp:featuredmedia":[{"embeddable":true,"href":"https:\/\/www.omarphone.tn\/fr\/wp-json\/wp\/v2\/media\/5463"}],"wp:attachment":[{"href":"https:\/\/www.omarphone.tn\/fr\/wp-json\/wp\/v2\/media?parent=5462"}],"wp:term":[{"taxonomy":"product_cat","embeddable":true,"href":"https:\/\/www.omarphone.tn\/fr\/wp-json\/wp\/v2\/product_cat?post=5462"},{"taxonomy":"product_tag","embeddable":true,"href":"https:\/\/www.omarphone.tn\/fr\/wp-json\/wp\/v2\/product_tag?post=5462"}],"curies":[{"name":"wp","href":"https:\/\/api.w.org\/{rel}","templated":true}]}}