{"id":5453,"date":"2021-09-19T01:18:06","date_gmt":"2021-09-19T01:18:06","guid":{"rendered":"https:\/\/www.omarphone.tn\/?post_type=product&#038;p=5453"},"modified":"2022-02-02T16:08:30","modified_gmt":"2022-02-02T16:08:30","slug":"playstation-5","status":"publish","type":"product","link":"https:\/\/www.omarphone.tn\/fr\/produit\/playstation-5\/","title":{"rendered":"Playstation 5"},"content":{"rendered":"<div class=\"row\">\n<div class=\"col-8 col-sm-8\">\n<p><strong>PLAYSTATION 5 EDITION STANDARD &#8211; BLANC<\/strong><\/p>\n<\/div>\n<\/div>\n<div class=\"row\">\n<div class=\"col-lg-12 col-sm-12\"><img loading=\"lazy\" decoding=\"async\" src=\"https:\/\/media.mytek.tn\/media\/wysiwyg\/en-savoir-plus\/78741513833\/78741513833.jpg\" alt=\"PLAYSTATION 5 \" width=\"350\" height=\"228\" \/><\/div>\n<\/div>\n<div class=\"row\">\n<div class=\"col-lg-6 col-sm-6\">\n<p><strong>PlayStation 5 \u00c9dition Standard avec manette DualSense<\/strong>Rapide comme l&#8217;\u00e9clair, la PlayStation 5 fait tomber les barri\u00e8res entre le virtuel et la r\u00e9alit\u00e9 et vous embarque dans une toute nouvelle \u00e8re du jeu vid\u00e9o. D\u00e9couvrez les temps de chargement extr\u00eamement rapides offerts par un disque SSD ultra haute vitesse et faites l\u2019exp\u00e9rience d\u2019une incroyable immersion sensorielle gr\u00e2ce au retour haptique, aux g\u00e2chettes adaptatives et au son 3D. PlayStation 5, c\u2019est aussi un catalogue passionnant de jeux PlayStation nouvelle g\u00e9n\u00e9ration et une interface utilisateur r\u00e9invent\u00e9e pour un maximum d\u2019instantan\u00e9it\u00e9. Une toute nouvelle mani\u00e8re de jouer vous attend !<\/p>\n<p><strong>PlayStation<\/strong> Chez Sony Interactive Entertainment Europe Limited, nous sommes l\u00e0 pour les joueurs. Depuis 1995, nous faisons vivre, \u00e0 travers des milliers de personnages, des exp\u00e9riences incroyables et des aventures inoubliables aux joueurs du monde entier, et nous mettons des univers entiers \u00e0 leur port\u00e9e.<\/p>\n<\/div>\n<div class=\"col-lg-6 col-sm-6\"><img loading=\"lazy\" decoding=\"async\" src=\"https:\/\/media.mytek.tn\/media\/wysiwyg\/en-savoir-plus\/78741513833\/78741513833-1.jpg\" alt=\"PLAYSTATION 5 \" width=\"350\" height=\"228\" \/><\/div>\n<\/div>\n<div class=\"row\">\n<div class=\"col-lg-6 col-sm-6\"><img loading=\"lazy\" decoding=\"async\" src=\"https:\/\/media.mytek.tn\/media\/wysiwyg\/en-savoir-plus\/78741513833\/78741513833-2.jpg\" alt=\"PLAYSTATION 5 \" width=\"350\" height=\"228\" \/><\/div>\n<div class=\"col-lg-6 col-sm-6\">\n<p><strong>Technologie 4K<\/strong>Vivez une exp\u00e9rience de jeu incroyablement profonde et immersive gr\u00e2ce \u00e0 la nouvelle manette pour PS5 dot\u00e9e du retour tactile et d&#8217;effets g\u00e2chette dynamiques qui simulent l\u2019impact de vos actions en jeu. La manette sans fil DualSense comprend \u00e9galement un microphone int\u00e9gr\u00e9 et la touche CREATE, le tout int\u00e9gr\u00e9 dans un design iconique et confortable.<\/p>\n<\/div>\n<\/div>\n<div class=\"row\">\n<div class=\"col-lg-6 col-sm-6\">\n<p><strong>Technologie 4K<\/strong>Faites exploser la puissance visuelle de la PS5 en la combinant \u00e0 la technologie 4K HDR et prenez-en plein la vue ! Profitez \u00e9galement de taux de rafra\u00eechissement ultra fluide allant jusqu&#8217;\u00e0 120 images par seconde pour les jeux compatibles, avec une prise en charge de l&#8217;affichage en 120 Hz sur les \u00e9crans 4K.<\/p>\n<\/div>\n<div class=\"col-lg-6 col-sm-6\"><img loading=\"lazy\" decoding=\"async\" src=\"https:\/\/media.mytek.tn\/media\/wysiwyg\/en-savoir-plus\/78741513833\/78741513833-3.jpg\" alt=\"PLAYSTATION 5 \" width=\"350\" height=\"228\" \/><\/div>\n<\/div>","protected":false},"excerpt":{"rendered":"<p>Playstation 5 Edition Standard &#8211; Processeur: <strong>AMD Ryzen Zen 2<\/strong> &#8211; Chipset graphique: <strong>AMD RDNA 2 10.28 TFLOPs\u00a0&#8211;<\/strong> M\u00e9moire RAM:\u00a0<strong>16 Go GDDR6 &#8211; Stockage: 825 Go SSD &#8211; Console Ultra HD 8K &#8211; <\/strong>Lecteur optique: <strong>4K Blu-ray &#8211; <\/strong>Framerate max:<strong> 4K\/120fps &#8211; <\/strong>Audio<strong>: 3D, moteur Tempest &#8211; <\/strong>Manette avec retour haptique, g\u00e2chettes adaptatives, port USB-C<strong> &#8211; Connectivit\u00e9: Wifi, Bluetooth, R\u00e9seau Gigabit &#8211; <\/strong>Dimensions : 390 x 104 x 260 mm &#8211; Poids 4.5 KG &#8211; Garantie: 1 an<\/p>","protected":false},"featured_media":5454,"template":"","meta":[],"product_cat":[148,196],"product_tag":[],"class_list":["post-5453","product","type-product","status-publish","has-post-thumbnail","hentry","product_cat-console-de-jeux","product_cat-playstation","col-xs-6 col-sm-4","col-md-3 col-lg-3","un-4-cols"],"_links":{"self":[{"href":"https:\/\/www.omarphone.tn\/fr\/wp-json\/wp\/v2\/product\/5453","targetHints":{"allow":["GET"]}}],"collection":[{"href":"https:\/\/www.omarphone.tn\/fr\/wp-json\/wp\/v2\/product"}],"about":[{"href":"https:\/\/www.omarphone.tn\/fr\/wp-json\/wp\/v2\/types\/product"}],"wp:featuredmedia":[{"embeddable":true,"href":"https:\/\/www.omarphone.tn\/fr\/wp-json\/wp\/v2\/media\/5454"}],"wp:attachment":[{"href":"https:\/\/www.omarphone.tn\/fr\/wp-json\/wp\/v2\/media?parent=5453"}],"wp:term":[{"taxonomy":"product_cat","embeddable":true,"href":"https:\/\/www.omarphone.tn\/fr\/wp-json\/wp\/v2\/product_cat?post=5453"},{"taxonomy":"product_tag","embeddable":true,"href":"https:\/\/www.omarphone.tn\/fr\/wp-json\/wp\/v2\/product_tag?post=5453"}],"curies":[{"name":"wp","href":"https:\/\/api.w.org\/{rel}","templated":true}]}}