{"id":5211,"date":"2021-08-19T23:33:14","date_gmt":"2021-08-19T23:33:14","guid":{"rendered":"https:\/\/www.omarphone.tn\/?post_type=product&#038;p=5211"},"modified":"2022-05-09T15:11:08","modified_gmt":"2022-05-09T15:11:08","slug":"xiaomi-redmi-9a","status":"publish","type":"product","link":"https:\/\/www.omarphone.tn\/fr\/produit\/xiaomi-redmi-9a\/","title":{"rendered":"XIAOMI Redmi 9A"},"content":{"rendered":"<p>Le\u00a0\u00a0<strong>Xiaomi Redmi 9A<\/strong>\u00a0fonctionne sur le syst\u00e8me d&#8217;exploitation Android v10 (Q). Aliment\u00e9 par un processeur Octa core, 2 GHz, Cortex A53.\u00a0Il fonctionne sur le chipset MediaTek Helio G25.<\/p>\n<p>Il dispose de 2 Go de RAM et de 32 Go de stockage interne.<\/p>\n<p>Le smartphone Xiaomi Redmi 9A dispose d&#8217;un \u00e9cran LCD IPS.<\/p>\n<p>L&#8217;\u00e9cran a une r\u00e9solution de 720 x 1600 pixels et une densit\u00e9 de pixels de 269 ppp.\u00a0Il a un rapport hauteur \/ largeur de 20: 9 et un rapport \u00e9cran \/ corps de.<\/p>\n<p>\u00c0 l&#8217;avant de l&#8217;appareil photo, les acheteurs obtiennent un appareil photo principal de 5 MP et \u00e0 l&#8217;arri\u00e8re, un appareil photo de 13 MP avec des fonctionnalit\u00e9s telles que le zoom num\u00e9rique, le flash automatique, la d\u00e9tection de visage, la mise au point tactile.<\/p>\n<p>Il est soutenu par une batterie de 5000 mAh.\u00a0Les fonctionnalit\u00e9s de connectivit\u00e9 du smartphone incluent le WiFi, le Bluetooth, le GPS, le Volte, etc.<\/p>","protected":false},"excerpt":{"rendered":"<ul>\n<li>Ecran\u00a0:\u00a0 6.53&#8243; IPS LCD &#8211; R\u00e9solution :\u00a0 720 x 1600 pixels<\/li>\n<li>M\u00e9moire RAM : 2\u00a0Go\u00a0&#8211;\u00a0Stockage 32\u00a0Go<\/li>\n<li>Appareil photo Arriere: 13 MP, f\/2.2, 28mm (wide), PDAF , Cam\u00e9ra Frontale :\u00a05 MP, f\/2.2, (wide), 1.12\u00b5m<\/li>\n<li>Chipset :\u00a0MediaTek Helio G25<\/li>\n<li>Batterie : 5000 mAh<\/li>\n<li>Syst\u00e9me d&#8217;exploitation :\u00a0Android 10, MIUI 12<\/li>\n<li>Garantie : 1 an<\/li>\n<\/ul>","protected":false},"featured_media":5277,"template":"","meta":[],"product_cat":[143,142],"product_tag":[],"class_list":["post-5211","product","type-product","status-publish","has-post-thumbnail","hentry","product_cat-smartphone","product_cat-telephonie","col-xs-6 col-sm-4","col-md-3 col-lg-3","un-4-cols"],"_links":{"self":[{"href":"https:\/\/www.omarphone.tn\/fr\/wp-json\/wp\/v2\/product\/5211","targetHints":{"allow":["GET"]}}],"collection":[{"href":"https:\/\/www.omarphone.tn\/fr\/wp-json\/wp\/v2\/product"}],"about":[{"href":"https:\/\/www.omarphone.tn\/fr\/wp-json\/wp\/v2\/types\/product"}],"wp:featuredmedia":[{"embeddable":true,"href":"https:\/\/www.omarphone.tn\/fr\/wp-json\/wp\/v2\/media\/5277"}],"wp:attachment":[{"href":"https:\/\/www.omarphone.tn\/fr\/wp-json\/wp\/v2\/media?parent=5211"}],"wp:term":[{"taxonomy":"product_cat","embeddable":true,"href":"https:\/\/www.omarphone.tn\/fr\/wp-json\/wp\/v2\/product_cat?post=5211"},{"taxonomy":"product_tag","embeddable":true,"href":"https:\/\/www.omarphone.tn\/fr\/wp-json\/wp\/v2\/product_tag?post=5211"}],"curies":[{"name":"wp","href":"https:\/\/api.w.org\/{rel}","templated":true}]}}