{"id":5003,"date":"2021-08-19T23:32:02","date_gmt":"2021-08-19T23:32:02","guid":{"rendered":"https:\/\/www.omarphone.tn\/?post_type=product&#038;p=5003"},"modified":"2021-08-19T23:32:22","modified_gmt":"2021-08-19T23:32:22","slug":"samsung-s21-plus","status":"publish","type":"product","link":"https:\/\/www.omarphone.tn\/fr\/produit\/samsung-s21-plus\/","title":{"rendered":"Samsung S21 Plus"},"content":{"rendered":"<h2>Samsung S21 plus prix Tunisie<\/h2>\n<p>Le Samsung Galaxy S21 plus est disponible aupr\u00e8s de GMI au prix de d\u00e9part, soit 3699000 TND (dinar tunisien) dans les couleurs Silver, Violet et noir.<\/p>\n<p>Utilis\u00e9 pour les photos et vid\u00e9os qui r\u00e9ussissent toujours. Explorez les Galaxy S21 5G et S21 Plus En Tunisie. Con\u00e7u pour r\u00e9volutionner la technologie vid\u00e9o et photographique, avec une excellente r\u00e9solution 8K et des photos jusqu&#8217;\u00e0 64 MP. Le Galaxy S21 plusest disponible en Tunisie en deux tailles et poss\u00e8de un design confiant et unique qui illuminera votre vie quotidienne.<\/p>\n<p>&nbsp;<\/p>\n<h2>le Samsung Galaxy S21 plus arrive en Tunisie au meilleur prix<\/h2>\n<p>Notre \u00e9cran de d\u00e9filement le plus fluide vous tient au courant de toutes les sources de nouvelles. Cet \u00e9cran est r\u00e9actif et le taux de rafra\u00eechissement peut \u00eatre optimis\u00e9 en fonction de chaque touche que vous touchez, Super brillant. Incroyablement vif. \u00c9tonnamment fluide. L&#8217;\u00e9cran de Galaxy S21 plus en Tunisie color\u00e9 et haute d\u00e9finition, apportant une exp\u00e9rience visuelle in\u00e9gal\u00e9e. M\u00eame en plein soleil.<\/p>\n<p>&nbsp;<\/p>\n<h2>Samsung Galaxy S21 Plus | La r\u00e9volutionne de la vid\u00e9o commence ici<\/h2>\n<p>La vid\u00e9o 8K est la plus haute r\u00e9solution disponible sur les smartphones. Il a quatre fois les pixels de la vid\u00e9o 4K. Le Samsung Galaxy S21 plus en Tunisie peut enregistrer \u00e0 8K 24fps et obtenir des images claires. Ensuite, vous pouvez le t\u00e9l\u00e9charger et le regarder directement sur YouTube. Avec la prise de vue 8K, vous pouvez extraire de superbes photos haute r\u00e9solution directement \u00e0 partir de la vid\u00e9o. Ne choisissez plus entre la prise de vue et la prise de vue. \u00c9tant donn\u00e9 que l&#8217;\u00e9cran est compatible avec le S Pen, vous pouvez perfectionner et \u00e9diter des vid\u00e9os avec une excellente pr\u00e9cision. Activez la fonction de cam\u00e9ra d&#8217;action et le Galaxy S21 plus tirera avec une stabilit\u00e9 incroyable. La technologie de stabilisation d&#8217;image par intelligence artificielle (IA) peut \u00e9liminer les vibrations et lire des vid\u00e9os aussi facilement qu&#8217;un chariot lors d&#8217;un d\u00e9placement.<\/p>\n<p>&nbsp;<\/p>\n<h2>Samsung Galaxy S21 Plus | le tout en un<\/h2>\n<p>Gr\u00e2ce au mode &#8220;single shot&#8221;, vous pouvez photographier et obtenir de nombreux r\u00e9sultats 4 ou 5 photos et vid\u00e9os: portraits, photos de groupe, enregistrements chronom\u00e9tr\u00e9s, ralenti &#8230; vous pouvez les partager directement sur Instagram!. Super stable: un v\u00e9ritable appel \u00e0 l&#8217;action. En combinant la fonction de stabilisation de l&#8217;IA avec la capture \u00e0 60 ips, votre aventure peut passer au niveau sup\u00e9rieur, tout comme la cam\u00e9ra d&#8217;action d&#8217;un t\u00e9l\u00e9phone mobile. La vid\u00e9o ultra-fluide \u00e0 60 ips vous permet de r\u00e9cup\u00e9rer des moments merveilleux sans manquer de battements. Sa fr\u00e9quence d&#8217;images dynamique est automatiquement ajust\u00e9e, vous permettant d&#8217;enregistrer des vid\u00e9os ultra-fluides sous n&#8217;importe quel niveau de lumi\u00e8re. Commandez votre Samsung Galaxy S21<\/p>\n<p>&nbsp;<\/p>","protected":false},"excerpt":{"rendered":"<h6>\u00b7\u00a0\u00a0\u00a0\u00a0\u00a0\u00a0\u00a0\u00a0\u00a0<strong>6.7&#8243; FHD+<\/strong><\/h6>\n<h6>\u00b7\u00a0\u00a0\u00a0\u00a0\u00a0\u00a0\u00a0\u00a0\u00a0<strong>Exynos 2100<\/strong><\/h6>\n<h6>\u00b7\u00a0\u00a0\u00a0\u00a0\u00a0\u00a0\u00a0\u00a0\u00a0<strong>Cam\u00e9ra 64 Mpx, 12 Mpx, 1\u00e9 Mpx<\/strong><\/h6>\n<h6>\u00b7\u00a0\u00a0\u00a0\u00a0\u00a0\u00a0\u00a0\u00a0\u00a0<strong>Enregistrement Vid\u00e9o\u00a08K@30\u00a0fps<\/strong><\/h6>\n<h6>\u00b7\u00a0\u00a0\u00a0\u00a0\u00a0\u00a0\u00a0\u00a0\u00a0<strong>Capteur photo frontal 10 Mpx<\/strong><\/h6>\n<h6>\u00b7\u00a0\u00a0\u00a0\u00a0\u00a0\u00a0\u00a0\u00a0\u00a0<strong>8GB Ram<\/strong><\/h6>\n<h6>\u00b7\u00a0\u00a0\u00a0\u00a0\u00a0\u00a0\u00a0\u00a0\u00a0<strong>256GB Stockage<\/strong><\/h6>\n<h6>\u00b7\u00a0\u00a0\u00a0\u00a0\u00a0\u00a0\u00a0\u00a0\u00a0<strong>Refresh Rate120 Hz<\/strong><\/h6>\n<h6>\u00b7\u00a0\u00a0\u00a0\u00a0\u00a0\u00a0\u00a0\u00a0\u00a0<strong>5G<\/strong><\/h6>\n<p><img loading=\"lazy\" decoding=\"async\" class=\"alignnone size-full wp-image-1870\" src=\"https:\/\/omarphone.tn\/wp-content\/uploads\/2021\/02\/samsung-Officiel.png\" alt=\"Samsung officiel Tunsie\" width=\"216\" height=\"100\" \/><\/p>","protected":false},"featured_media":5032,"template":"","meta":[],"product_cat":[143,142],"product_tag":[],"class_list":["post-5003","product","type-product","status-publish","has-post-thumbnail","hentry","product_cat-smartphone","product_cat-telephonie","col-xs-6 col-sm-4","col-md-3 col-lg-3","un-4-cols"],"_links":{"self":[{"href":"https:\/\/www.omarphone.tn\/fr\/wp-json\/wp\/v2\/product\/5003","targetHints":{"allow":["GET"]}}],"collection":[{"href":"https:\/\/www.omarphone.tn\/fr\/wp-json\/wp\/v2\/product"}],"about":[{"href":"https:\/\/www.omarphone.tn\/fr\/wp-json\/wp\/v2\/types\/product"}],"wp:featuredmedia":[{"embeddable":true,"href":"https:\/\/www.omarphone.tn\/fr\/wp-json\/wp\/v2\/media\/5032"}],"wp:attachment":[{"href":"https:\/\/www.omarphone.tn\/fr\/wp-json\/wp\/v2\/media?parent=5003"}],"wp:term":[{"taxonomy":"product_cat","embeddable":true,"href":"https:\/\/www.omarphone.tn\/fr\/wp-json\/wp\/v2\/product_cat?post=5003"},{"taxonomy":"product_tag","embeddable":true,"href":"https:\/\/www.omarphone.tn\/fr\/wp-json\/wp\/v2\/product_tag?post=5003"}],"curies":[{"name":"wp","href":"https:\/\/api.w.org\/{rel}","templated":true}]}}